{"id":508,"date":"2019-03-16T16:36:22","date_gmt":"2019-03-16T15:36:22","guid":{"rendered":"http:\/\/steelpilates.be\/?page_id=508"},"modified":"2023-05-26T08:41:19","modified_gmt":"2023-05-26T06:41:19","slug":"horaire-villers-la-ville","status":"publish","type":"page","link":"https:\/\/steelpilates.be\/index.php\/horaire-villers-la-ville\/","title":{"rendered":"Horaire Villers-La-Ville"},"content":{"rendered":"\n<h3 class=\"has-text-align-center wp-block-heading\">Tous les mardis Pilates:<\/h3>\n\n\n\n<p>Niveau 1 (d\u00e9butant) : de 18 \u00e0 19 h<\/p>\n\n\n\n<p>Niveau 2 (interm\u00e9diaire) : de 19h \u00e0 20h<\/p>\n\n\n\n<p class=\"has-medium-pink-color has-text-color has-medium-font-size\">Inscriptions via <a href=\"https:\/\/tonusgym.be\/\">https:\/\/tonusgym.be <\/a><\/p>\n\n\n\n<p><\/p>\n","protected":false},"excerpt":{"rendered":"<p>Tous les mardis Pilates: Niveau 1 (d\u00e9butant) : de 18 \u00e0 19 h Niveau 2 (interm\u00e9diaire) : de 19h \u00e0 20h Inscriptions via https:\/\/tonusgym.be<\/p>\n","protected":false},"author":1,"featured_media":0,"parent":0,"menu_order":0,"comment_status":"closed","ping_status":"closed","template":"","meta":{"jetpack_post_was_ever_published":false,"footnotes":""},"jetpack_sharing_enabled":true,"jetpack_shortlink":"https:\/\/wp.me\/PaNdSb-8c","_links":{"self":[{"href":"https:\/\/steelpilates.be\/index.php\/wp-json\/wp\/v2\/pages\/508"}],"collection":[{"href":"https:\/\/steelpilates.be\/index.php\/wp-json\/wp\/v2\/pages"}],"about":[{"href":"https:\/\/steelpilates.be\/index.php\/wp-json\/wp\/v2\/types\/page"}],"author":[{"embeddable":true,"href":"https:\/\/steelpilates.be\/index.php\/wp-json\/wp\/v2\/users\/1"}],"replies":[{"embeddable":true,"href":"https:\/\/steelpilates.be\/index.php\/wp-json\/wp\/v2\/comments?post=508"}],"version-history":[{"count":18,"href":"https:\/\/steelpilates.be\/index.php\/wp-json\/wp\/v2\/pages\/508\/revisions"}],"predecessor-version":[{"id":1276,"href":"https:\/\/steelpilates.be\/index.php\/wp-json\/wp\/v2\/pages\/508\/revisions\/1276"}],"wp:attachment":[{"href":"https:\/\/steelpilates.be\/index.php\/wp-json\/wp\/v2\/media?parent=508"}],"curies":[{"name":"wp","href":"https:\/\/api.w.org\/{rel}","templated":true}]}}